{"id":2493,"date":"2025-05-22T13:20:02","date_gmt":"2025-05-22T06:20:02","guid":{"rendered":"https:\/\/blog.ftrack.vn\/?page_id=2493"},"modified":"2025-06-16T15:48:57","modified_gmt":"2025-06-16T08:48:57","slug":"chinh-sach-bao-mat","status":"publish","type":"page","link":"https:\/\/blog.ftrack.vn\/en\/chinh-sach-bao-mat\/","title":{"rendered":"CH\u00cdNH S\u00c1CH B\u1ea2O M\u1eacT"},"content":{"rendered":"<p><\/p>\n\n\n\n<p><strong>1. M\u1ee4C \u0110\u00cdCH C\u1ee6A TH\u00d4NG B\u00c1O N\u00c0Y<\/strong><\/p>\n\n\n\n<p><\/p>\n\n\n\n<p>Th\u00f4ng b\u00e1o n\u00e0y (\u201cTh\u00f4ng b\u00e1o v\u1ec1 Quy\u1ec1n ri\u00eang t\u01b0\u201d) tr\u00ecnh b\u00e0y c\u00e1ch <strong>FTRACK.VN<\/strong>, c\u00e1c c\u00f4ng ty li\u00ean k\u1ebft v\u00e0 \u0111\u1ea1i l\u00fd (g\u1ecdi chung l\u00e0 \u201cch\u00fang t\u00f4i\u201d) x\u1eed l\u00fd d\u1eef li\u1ec7u c\u00e1 nh\u00e2n c\u1ee7a b\u1ea1n li\u00ean quan \u0111\u1ebfn ho\u1ea1t \u0111\u1ed9ng kinh doanh c\u1ee7a ch\u00fang t\u00f4i, bao g\u1ed3m vi\u1ec7c cung c\u1ea5p trang web t\u1ea1i \u0111\u1ecba ch\u1ec9 ftrack.vn (\u201cTrang web\u201d) v\u00e0 c\u00e1c d\u1ecbch v\u1ee5 li\u00ean quan (\u201cD\u1ecbch v\u1ee5\u201d). <strong>FTRACK.VN<\/strong> l\u00e0 m\u1ed9t ph\u1ea7n c\u1ee7a cty <strong>VNMARKETER<\/strong>.<\/p>\n\n\n\n<p>N\u1ebfu b\u1ea1n kh\u00f4ng ch\u1eafc \u0111\u01a1n v\u1ecb c\u1ee5 th\u1ec3 n\u00e0o l\u00e0 b\u00ean ki\u1ec3m so\u00e1t d\u1eef li\u1ec7u c\u1ee7a m\u00ecnh, vui l\u00f2ng li\u00ean h\u1ec7 v\u1edbi ch\u00fang t\u00f4i theo th\u00f4ng tin b\u00ean d\u01b0\u1edbi.<\/p>\n\n\n\n<p>Th\u00f4ng b\u00e1o n\u00e0y gi\u1ea3i th\u00edch:<\/p>\n\n\n\n<ul class=\"wp-block-list\">\n<li>Lo\u1ea1i d\u1eef li\u1ec7u c\u00e1 nh\u00e2n ch\u00fang t\u00f4i thu th\u1eadp<\/li>\n\n\n\n<li>L\u00fd do thu th\u1eadp<\/li>\n\n\n\n<li>Quy\u1ec1n c\u1ee7a b\u1ea1n li\u00ean quan \u0111\u1ebfn vi\u1ec7c x\u1eed l\u00fd d\u1eef li\u1ec7u \u0111\u00f3<\/li>\n<\/ul>\n\n\n\n<p>Th\u00f4ng b\u00e1o n\u00e0y nh\u1eb1m gi\u00fap b\u1ea1n \u0111\u01b0a ra c\u00e1c quy\u1ebft \u0111\u1ecbnh s\u00e1ng su\u1ed1t khi s\u1eed d\u1ee5ng Trang web ho\u1eb7c t\u01b0\u01a1ng t\u00e1c v\u1edbi ch\u00fang t\u00f4i, v\u00e0 c\u1ea7n \u0111\u01b0\u1ee3c \u0111\u1ecdc k\u00e8m v\u1edbi <strong>\u0110i\u1ec1u kho\u1ea3n s\u1eed d\u1ee5ng Trang web<\/strong> v\u00e0 <strong>Th\u00f4ng b\u00e1o Cookie<\/strong>.<\/p>\n\n\n\n<p><\/p>\n\n\n\n<hr class=\"wp-block-separator has-alpha-channel-opacity\"\/>\n\n\n\n<p><\/p>\n\n\n\n<h2 class=\"wp-block-heading\"><strong>2. PH\u1ea0M VI \u00c1P D\u1ee4NG<\/strong><\/h2>\n\n\n\n<p>Th\u00f4ng b\u00e1o n\u00e0y ch\u1ec9 \u00e1p d\u1ee5ng \u0111\u1ed1i v\u1edbi d\u1eef li\u1ec7u c\u00e1 nh\u00e2n ch\u00fang t\u00f4i thu th\u1eadp tr\u1ef1c ti\u1ebfp t\u1eeb b\u1ea1n ho\u1eb7c t\u1eeb b\u00ean th\u1ee9 ba, kh\u00f4ng \u00e1p d\u1ee5ng v\u1edbi d\u1eef li\u1ec7u b\u1ea1n cung c\u1ea5p cho c\u00e1c b\u00ean th\u1ee9 ba kh\u00e1c qua li\u00ean k\u1ebft tr\u00ean Trang web.<\/p>\n\n\n\n<p>Ngo\u00e0i ra, th\u00f4ng b\u00e1o n\u00e0y kh\u00f4ng \u00e1p d\u1ee5ng cho d\u1eef li\u1ec7u c\u00e1 nh\u00e2n trong m\u00f4i tr\u01b0\u1eddng l\u00e0m vi\u1ec7c (h\u00e3y tham kh\u1ea3o <strong>Th\u00f4ng b\u00e1o Quy\u1ec1n ri\u00eang t\u01b0 t\u1ea1i n\u01a1i l\u00e0m vi\u1ec7c<\/strong> n\u1ebfu b\u1ea1n l\u00e0 nh\u00e2n vi\u00ean) v\u00e0 c\u0169ng kh\u00f4ng \u00e1p d\u1ee5ng khi ch\u00fang t\u00f4i l\u00e0 b\u00ean x\u1eed l\u00fd d\u1eef li\u1ec7u thay m\u1eb7t cho b\u00ean ki\u1ec3m so\u00e1t d\u1eef li\u1ec7u kh\u00e1c.<\/p>\n\n\n\n<p><\/p>\n\n\n\n<hr class=\"wp-block-separator has-alpha-channel-opacity\"\/>\n\n\n\n<p><\/p>\n\n\n\n<h2 class=\"wp-block-heading\"><strong>3. C\u1eacP NH\u1eacT TH\u00d4NG B\u00c1O<\/strong><\/h2>\n\n\n\n<p>Ch\u00fang t\u00f4i c\u00f3 th\u1ec3 c\u1eadp nh\u1eadt th\u00f4ng b\u00e1o n\u00e0y \u0111\u1ecbnh k\u1ef3 \u0111\u1ec3 ph\u1ea3n \u00e1nh thay \u0111\u1ed5i trong quy tr\u00ecnh x\u1eed l\u00fd d\u1eef li\u1ec7u ho\u1eb7c theo y\u00eau c\u1ea7u c\u1ee7a ph\u00e1p lu\u1eadt. Ng\u00e0y c\u1eadp nh\u1eadt m\u1edbi nh\u1ea5t s\u1ebd \u0111\u01b0\u1ee3c ghi r\u00f5 \u1edf \u0111\u1ea7u th\u00f4ng b\u00e1o. B\u1ea1n n\u00ean ki\u1ec3m tra th\u01b0\u1eddng xuy\u00ean.<\/p>\n\n\n\n<p><\/p>\n\n\n\n<hr class=\"wp-block-separator has-alpha-channel-opacity\"\/>\n\n\n\n<p><\/p>\n\n\n\n<h2 class=\"wp-block-heading\"><strong>4. TH\u00d4NG TIN V\u1ec0 CH\u00daNG T\u00d4I<\/strong><\/h2>\n\n\n\n<p>Trang web v\u00e0 D\u1ecbch v\u1ee5 \u0111\u01b0\u1ee3c cung c\u1ea5p b\u1edf <strong>C\u00f4ng ty TNHH VNMARKETER<\/strong>, \u0111\u1ecba ch\u1ec9 \u0111\u0103ng k\u00fd t\u1ea1i:<\/p>\n\n\n\n<p><strong>T\u1ea7ng 12, t\u00f2a nh\u00e0 The Address, 60 Nguy\u1ec5n \u0110\u00ecnh Chi\u1ec3u, ph\u01b0\u1eddng \u0110akao, Qu\u1eadn 1, TP. H\u1ed3 Ch\u00ed Minh, Vi\u1ec7t Nam<\/strong><\/p>\n\n\n\n<hr class=\"wp-block-separator has-alpha-channel-opacity\"\/>\n\n\n\n<p><\/p>\n\n\n\n<h2 class=\"wp-block-heading\"><strong>5. LI\u00caN H\u1ec6 V\u1edaI CH\u00daNG T\u00d4I<\/strong><\/h2>\n\n\n\n<p>N\u1ebfu b\u1ea1n c\u00f3 b\u1ea5t k\u1ef3 c\u00e2u h\u1ecfi n\u00e0o ho\u1eb7c mu\u1ed1n th\u1ef1c hi\u1ec7n quy\u1ec1n c\u1ee7a m\u00ecnh, hay y\u00eau c\u1ea7u x\u00f3a t\u1ea3i kho\u1ea3n, h\u00e3y li\u00ean h\u1ec7:<\/p>\n\n\n\n<ul class=\"wp-block-list\">\n<li><strong>Email:<\/strong>  info@ftrack.vn<\/li>\n\n\n\n<li><strong>SDT:<\/strong> +84 909 978 621<\/li>\n\n\n\n<li><strong>\u0110\u1ecba ch\u1ec9:<\/strong> T\u1ea7ng 12, 60 Nguy\u1ec5n \u0110\u00ecnh Chi\u1ec3u, P \u0110akao, Qu\u1eadn 1, H\u1ed3 Ch\u00ed Minh, Vi\u1ec7t Nam<\/li>\n<\/ul>\n\n\n\n<hr class=\"wp-block-separator has-alpha-channel-opacity\"\/>\n\n\n\n<p><\/p>\n\n\n\n<h2 class=\"wp-block-heading\"><strong>6. LO\u1ea0I D\u1eee LI\u1ec6U C\u00c1 NH\u00c2N CH\u00daNG T\u00d4I THU TH\u1eacP\/X\u1eec L\u00dd<\/strong><\/h2>\n\n\n\n<p>Ch\u00fang t\u00f4i c\u00f3 th\u1ec3 thu th\u1eadp c\u00e1c lo\u1ea1i d\u1eef li\u1ec7u sau:<\/p>\n\n\n\n<ul class=\"wp-block-list\">\n<li><strong>Th\u00f4ng tin \u0111\u1ecbnh danh:<\/strong> T\u00ean, h\u1ecd<\/li>\n\n\n\n<li><strong>Th\u00f4ng tin li\u00ean h\u1ec7:<\/strong> \u0110\u1ecba ch\u1ec9, email, s\u1ed1 \u0111i\u1ec7n tho\u1ea1i, t\u00e0i kho\u1ea3n m\u1ea1ng x\u00e3 h\u1ed9i<\/li>\n\n\n\n<li><strong>D\u1eef li\u1ec7u \u1ee9ng vi\u00ean:<\/strong> Ng\u00e0y sinh, gi\u1edbi t\u00ednh, qu\u1ed1c t\u1ecbch, l\u1ecbch s\u1eed h\u1ecdc t\u1eadp\/l\u00e0m vi\u1ec7c, t\u00ecnh tr\u1ea1ng l\u00e0m vi\u1ec7c h\u1ee3p ph\u00e1p, b\u1eb1ng c\u1ea5p, CMND, y\u00eau c\u1ea7u \u0103n u\u1ed1ng \u0111\u1eb7c bi\u1ec7t<\/li>\n\n\n\n<li><strong>H\u00ecnh \u1ea3nh v\u00e0 gi\u1ecdng n\u00f3i:<\/strong> \u1ea2nh, video, ghi \u00e2m cu\u1ed9c h\u1ecdp, ph\u1ecfng v\u1ea5n online<\/li>\n\n\n\n<li><strong>D\u1eef li\u1ec7u t\u00e0i ch\u00ednh:<\/strong> Th\u00f4ng tin t\u00e0i kho\u1ea3n ng\u00e2n h\u00e0ng<\/li>\n\n\n\n<li><strong>D\u1eef li\u1ec7u giao d\u1ecbch:<\/strong> Th\u00f4ng tin thanh to\u00e1n, s\u1ea3n ph\u1ea9m\/d\u1ecbch v\u1ee5 b\u1ea1n \u0111\u00e3 mua<\/li>\n\n\n\n<li><strong>D\u1eef li\u1ec7u h\u00e0nh vi:<\/strong> L\u1ecbch s\u1eed duy\u1ec7t web, th\u00f4ng tin qua cookie<\/li>\n\n\n\n<li><strong>D\u1eef li\u1ec7u k\u1ef9 thu\u1eadt:<\/strong> \u0110\u1ecba ch\u1ec9 IP, lo\u1ea1i tr\u00ecnh duy\u1ec7t, h\u1ec7 \u0111i\u1ec1u h\u00e0nh<\/li>\n<\/ul>\n\n\n\n<p><\/p>\n\n\n\n<hr class=\"wp-block-separator has-alpha-channel-opacity\"\/>\n\n\n\n<p><\/p>\n\n\n\n<h2 class=\"wp-block-heading\"><strong>7. C\u00c1CH CH\u00daNG T\u00d4I THU TH\u1eacP D\u1eee LI\u1ec6U<\/strong><\/h2>\n\n\n\n<ul class=\"wp-block-list\">\n<li>Do b\u1ea1n tr\u1ef1c ti\u1ebfp cung c\u1ea5p (v\u00ed d\u1ee5: \u0111i\u1ec1n bi\u1ec3u m\u1eabu, g\u1eedi ph\u1ea3n h\u1ed3i)<\/li>\n\n\n\n<li>Qua cookie v\u00e0 c\u00f4ng ngh\u1ec7 theo d\u00f5i tr\u00ean trang web<\/li>\n\n\n\n<li>T\u1eeb b\u00ean th\u1ee9 ba (d\u1ecbch v\u1ee5 ph\u00e2n t\u00edch, m\u1ea1ng x\u00e3 h\u1ed9i,\u2026)<\/li>\n<\/ul>\n\n\n\n<hr class=\"wp-block-separator has-alpha-channel-opacity\"\/>\n\n\n\n<p><\/p>\n\n\n\n<p><\/p>\n\n\n\n<h2 class=\"wp-block-heading\"><strong>8. CH\u00daNG T\u00d4I THU TH\u1eacP D\u1eee LI\u1ec6U T\u1eea NH\u1eeeNG AI?<\/strong><\/h2>\n\n\n\n<ul class=\"wp-block-list\">\n<li>Ng\u01b0\u1eddi truy c\u1eadp trang web<\/li>\n\n\n\n<li>Ng\u01b0\u1eddi g\u1eedi y\u00eau c\u1ea7u\/th\u1eafc m\u1eafc<\/li>\n\n\n\n<li>Nh\u00e2n vi\u00ean kh\u00e1ch h\u00e0ng\/doanh nghi\u1ec7p \u0111\u1ed1i t\u00e1c<\/li>\n\n\n\n<li>Nh\u00e0 cung c\u1ea5p s\u1ea3n ph\u1ea9m\/d\u1ecbch v\u1ee5<\/li>\n\n\n\n<li>Ng\u01b0\u1eddi tham d\u1ef1 s\u1ef1 ki\u1ec7n<\/li>\n\n\n\n<li>Ng\u01b0\u1eddi s\u1eed d\u1ee5ng d\u1ecbch v\u1ee5 c\u1ee7a FTRACK.VN<\/li>\n\n\n\n<li><\/li>\n<\/ul>\n\n\n\n<hr class=\"wp-block-separator has-alpha-channel-opacity\"\/>\n\n\n\n<p><\/p>\n\n\n\n<h2 class=\"wp-block-heading\"><strong>9. C\u00c1CH CH\u00daNG T\u00d4I S\u1eec D\u1ee4NG D\u1eee LI\u1ec6U C\u00c1 NH\u00c2N<\/strong><\/h2>\n\n\n\n<h3 class=\"wp-block-heading\"><strong>A. V\u1eacN H\u00c0NH WEBSITE &amp; TI\u1ebeP TH\u1eca<\/strong><\/h3>\n\n\n\n<ul class=\"wp-block-list\">\n<li><strong>Duy\u1ec7t web:<\/strong> Ph\u00e2n t\u00edch h\u00e0nh vi truy c\u1eadp \u0111\u1ec3 c\u1ea3i thi\u1ec7n Trang web<\/li>\n\n\n\n<li><strong>Cookie:<\/strong> Ph\u00e2n t\u00edch ng\u01b0\u1eddi d\u00f9ng, n\u1ed9i dung quan t\u00e2m, n\u1ed9i dung ti\u1ebfp th\u1ecb<\/li>\n\n\n\n<li><strong>D\u1ecbch v\u1ee5:<\/strong> Cung c\u1ea5p d\u1ecbch v\u1ee5 cho kh\u00e1ch h\u00e0ng<\/li>\n\n\n\n<li><strong>Ti\u1ebfp th\u1ecb:<\/strong> G\u1eedi email, g\u1ecdi \u0111i\u1ec7n ti\u1ebfp th\u1ecb, th\u00f4ng b\u00e1o tin t\u1ee9c ho\u1eb7c \u0111\u0103ng k\u00fd nh\u1eadn b\u1ea3n tin<\/li>\n<\/ul>\n\n\n\n<h3 class=\"wp-block-heading\"><strong>B. QU\u1ea2N TR\u1eca, T\u00c0I CH\u00cdNH, PH\u00c1P L\u00dd<\/strong><\/h3>\n\n\n\n<ul class=\"wp-block-list\">\n<li><strong>Nh\u1eadn d\u1ecbch v\u1ee5 t\u1eeb b\u00ean th\u1ee9 ba<\/strong> (IT, k\u1ebf to\u00e1n,\u2026)<\/li>\n\n\n\n<li><strong>Tuy\u1ec3n d\u1ee5ng:<\/strong> X\u00e9t h\u1ed3 s\u01a1, li\u00ean h\u1ec7, ki\u1ec3m tra l\u00fd l\u1ecbch, \u0111\u1ea3m b\u1ea3o t\u00ednh c\u00f4ng b\u1eb1ng v\u00e0 tu\u00e2n th\u1ee7 ph\u00e1p lu\u1eadt<\/li>\n\n\n\n<li><strong>Th\u0103m v\u0103n ph\u00f2ng:<\/strong> Ghi nh\u1eadn th\u00f4ng tin kh\u00e1ch, Wi-Fi, camera gi\u00e1m s\u00e1t<\/li>\n\n\n\n<li><strong>Tu\u00e2n th\u1ee7 ph\u00e1p lu\u1eadt:<\/strong> Th\u1ef1c hi\u1ec7n ngh\u0129a v\u1ee5 ph\u00e1p l\u00fd, x\u1eed l\u00fd \u0111\u01a1n t\u1ed1 c\u00e1o, b\u1ea3o v\u1ec7 quy\u1ec1n l\u1ee3i<\/li>\n<\/ul>\n\n\n\n<p><\/p>\n\n\n\n<hr class=\"wp-block-separator has-alpha-channel-opacity\"\/>\n\n\n\n<p><\/p>\n\n\n\n<h2 class=\"wp-block-heading\"><strong>10. N\u1ebeU B\u1ea0N KH\u00d4NG CUNG C\u1ea4P D\u1eee LI\u1ec6U<\/strong><\/h2>\n\n\n\n<p>Ch\u00fang t\u00f4i c\u00f3 th\u1ec3 kh\u00f4ng th\u1ec3 cung c\u1ea5p d\u1ecbch v\u1ee5 ho\u1eb7c x\u1eed l\u00fd \u0111\u01a1n xin vi\u1ec7c n\u1ebfu b\u1ea1n kh\u00f4ng cung c\u1ea5p d\u1eef li\u1ec7u b\u1eaft bu\u1ed9c. \u0110\u1ed1i v\u1edbi k\u00eanh t\u1ed1 c\u00e1o, vi\u1ec7c kh\u00f4ng cung c\u1ea5p d\u1eef li\u1ec7u \u0111\u00fang c\u00f3 th\u1ec3 khi\u1ebfn khi\u1ebfu n\u1ea1i kh\u00f4ng \u0111\u01b0\u1ee3c x\u1eed l\u00fd.<\/p>\n\n\n\n<p><\/p>\n\n\n\n<hr class=\"wp-block-separator has-alpha-channel-opacity\"\/>\n\n\n\n<p><\/p>\n\n\n\n<h2 class=\"wp-block-heading\"><strong>11. CHIA S\u1eba D\u1eee LI\u1ec6U C\u00c1 NH\u00c2N<\/strong><\/h2>\n\n\n\n<p>Ch\u00fang t\u00f4i c\u00f3 th\u1ec3 chia s\u1ebb d\u1eef li\u1ec7u c\u00e1 nh\u00e2n v\u1edbi:<\/p>\n\n\n\n<ul class=\"wp-block-list\">\n<li>C\u00e1c c\u00f4ng ty thu\u1ed9c <strong>FTRACK.VN<\/strong><\/li>\n\n\n\n<li>Nh\u00e0 cung c\u1ea5p IT, d\u1ecbch v\u1ee5 l\u01b0u tr\u1eef \u0111\u00e1m m\u00e2y, n\u1ec1n t\u1ea3ng t\u1ed1 c\u00e1o, ph\u00e2n t\u00edch d\u1eef li\u1ec7u<\/li>\n\n\n\n<li>Ng\u00e2n h\u00e0ng v\u00e0 b\u00ean trung gian thanh to\u00e1n<\/li>\n\n\n\n<li>Nh\u00e0 cung c\u1ea5p ti\u1ebfp th\u1ecb email<\/li>\n\n\n\n<li>Lu\u1eadt s\u01b0, k\u1ebf to\u00e1n, ki\u1ec3m to\u00e1n vi\u00ean<\/li>\n\n\n\n<li>C\u01a1 quan ch\u00ednh ph\u1ee7, c\u01a1 quan ph\u00e1p lu\u1eadt<\/li>\n<\/ul>\n\n\n\n<p>Ch\u00fang t\u00f4i lu\u00f4n th\u1ef1c hi\u1ec7n bi\u1ec7n ph\u00e1p b\u1ea3o m\u1eadt v\u00e0 h\u1ee3p \u0111\u1ed3ng ph\u00f9 h\u1ee3p khi chia s\u1ebb d\u1eef li\u1ec7u.<\/p>\n\n\n\n<p><\/p>\n\n\n\n<hr class=\"wp-block-separator has-alpha-channel-opacity\"\/>\n\n\n\n<p><\/p>\n\n\n\n<h2 class=\"wp-block-heading\"><strong>12. S\u1ef0 \u0110\u1ed2NG \u00dd C\u1ee6A B\u1ea0N<\/strong><\/h2>\n\n\n\n<p>B\u1ea1n c\u00f3 th\u1ec3 cung c\u1ea5p s\u1ef1 \u0111\u1ed3ng \u00fd:<\/p>\n\n\n\n<ul class=\"wp-block-list\">\n<li>Khi g\u1eedi d\u1eef li\u1ec7u c\u00e1 nh\u00e2n<\/li>\n\n\n\n<li>Ho\u1eb7c li\u00ean h\u1ec7 qua email, th\u01b0 ho\u1eb7c \u0111i\u1ec7n tho\u1ea1i<\/li>\n\n\n\n<li><\/li>\n<\/ul>\n\n\n\n<hr class=\"wp-block-separator has-alpha-channel-opacity\"\/>\n\n\n\n<p><\/p>\n\n\n\n<h2 class=\"wp-block-heading\"><strong>13. B\u1ea2O M\u1eacT<\/strong><\/h2>\n\n\n\n<p>Ch\u00fang t\u00f4i \u00e1p d\u1ee5ng c\u00e1c bi\u1ec7n ph\u00e1p k\u1ef9 thu\u1eadt v\u00e0 t\u1ed5 ch\u1ee9c \u0111\u1ec3 b\u1ea3o v\u1ec7 d\u1eef li\u1ec7u kh\u1ecfi:<\/p>\n\n\n\n<ul class=\"wp-block-list\">\n<li>Truy c\u1eadp tr\u00e1i ph\u00e9p<\/li>\n\n\n\n<li>S\u1eed d\u1ee5ng sai m\u1ee5c \u0111\u00edch<\/li>\n\n\n\n<li>S\u1eeda \u0111\u1ed5i tr\u00e1i ph\u00e9p<\/li>\n\n\n\n<li>M\u1ea5t m\u00e1t, h\u01b0 h\u1ecfng<\/li>\n\n\n\n<li><\/li>\n<\/ul>\n\n\n\n<hr class=\"wp-block-separator has-alpha-channel-opacity\"\/>\n\n\n\n<p><\/p>\n\n\n\n<h2 class=\"wp-block-heading\"><strong>14. QUY\u1ec0N C\u1ee6A B\u1ea0N<\/strong><\/h2>\n\n\n\n<p>B\u1ea1n c\u00f3 quy\u1ec1n:<\/p>\n\n\n\n<ul class=\"wp-block-list\">\n<li>Truy c\u1eadp d\u1eef li\u1ec7u<\/li>\n\n\n\n<li>Y\u00eau c\u1ea7u ch\u1ec9nh s\u1eeda<\/li>\n\n\n\n<li>Y\u00eau c\u1ea7u x\u00f3a<\/li>\n\n\n\n<li>H\u1ea1n ch\u1ebf x\u1eed l\u00fd<\/li>\n\n\n\n<li>Nh\u1eadn b\u1ea3n sao d\u1eef li\u1ec7u<\/li>\n\n\n\n<li>Ph\u1ea3n \u0111\u1ed1i x\u1eed l\u00fd<\/li>\n\n\n\n<li>R\u00fat l\u1ea1i s\u1ef1 \u0111\u1ed3ng \u00fd<\/li>\n\n\n\n<li>Khi\u1ebfu n\u1ea1i l\u00ean c\u01a1 quan b\u1ea3o v\u1ec7 d\u1eef li\u1ec7u<\/li>\n<\/ul>\n\n\n\n<p>Ch\u00fang t\u00f4i c\u00f3 th\u1ec3 y\u00eau c\u1ea7u x\u00e1c minh danh t\u00ednh c\u1ee7a b\u1ea1n tr\u01b0\u1edbc khi x\u1eed l\u00fd c\u00e1c y\u00eau c\u1ea7u.<\/p>\n\n\n\n<p><\/p>\n\n\n\n<hr class=\"wp-block-separator has-alpha-channel-opacity\"\/>\n\n\n\n<p><\/p>\n\n\n\n<h2 class=\"wp-block-heading\"><strong>15. T\u1eea CH\u1ed0I NH\u1eacN TIN<\/strong><\/h2>\n\n\n\n<p>G\u1eedi y\u00eau c\u1ea7u t\u1eeb ch\u1ed1i nh\u1eadn th\u00f4ng tin ti\u1ebfp th\u1ecb v\u1ec1 \u0111\u1ecba ch\u1ec9 li\u00ean h\u1ec7 \u0111\u00e3 n\u00eau \u1edf tr\u00ean.<\/p>\n\n\n\n<p><\/p>\n\n\n\n<hr class=\"wp-block-separator has-alpha-channel-opacity\"\/>\n\n\n\n<p><\/p>\n\n\n\n<h2 class=\"wp-block-heading\"><strong>16. LI\u00caN K\u1ebeT \u0110\u1ebeN B\u00caN TH\u1ee8 BA<\/strong><\/h2>\n\n\n\n<p>Trang web c\u00f3 th\u1ec3 ch\u1ee9a li\u00ean k\u1ebft \u0111\u1ebfn d\u1ecbch v\u1ee5 ho\u1eb7c website b\u00ean th\u1ee9 ba. Ch\u00ednh s\u00e1ch n\u00e0y kh\u00f4ng \u00e1p d\u1ee5ng cho c\u00e1c li\u00ean k\u1ebft \u0111\u00f3.<\/p>\n\n\n\n<p><\/p>\n\n\n\n<hr class=\"wp-block-separator has-alpha-channel-opacity\"\/>\n\n\n\n<h2 class=\"wp-block-heading\"><strong>17. TH\u1edcI GIAN L\u01afU TR\u1eee D\u1eee LI\u1ec6U<\/strong><\/h2>\n\n\n\n<p>Ch\u00fang t\u00f4i ch\u1ec9 l\u01b0u d\u1eef li\u1ec7u khi c\u1ea7n thi\u1ebft. N\u1ebfu b\u1ea1n kh\u00f4ng th\u00e0nh c\u00f4ng trong \u1ee9ng tuy\u1ec3n, d\u1eef li\u1ec7u c\u00f3 th\u1ec3 b\u1ecb x\u00f3a sau m\u1ed9t th\u1eddi gian ng\u1eafn. D\u1eef li\u1ec7u ng\u01b0\u1eddi t\u1eeb ch\u1ed1i ti\u1ebfp th\u1ecb s\u1ebd \u0111\u01b0\u1ee3c l\u01b0u trong danh s\u00e1ch h\u1ea1n ch\u1ebf.<\/p>\n\n\n\n<p><\/p>\n\n\n\n<hr class=\"wp-block-separator has-alpha-channel-opacity\"\/>\n\n\n\n<p><\/p>\n\n\n\n<h2 class=\"wp-block-heading\"><strong>18. D\u1eee LI\u1ec6U C\u1ee6A TR\u1eba V\u1eca TH\u00c0NH NI\u00caN<\/strong><\/h2>\n\n\n\n<p>Ch\u00fang t\u00f4i kh\u00f4ng ch\u1ee7 \u00fd thu th\u1eadp d\u1eef li\u1ec7u c\u1ee7a tr\u1ebb d\u01b0\u1edbi 18 tu\u1ed5i. N\u1ebfu c\u00f3, s\u1ebd tu\u00e2n th\u1ee7 \u0111\u00fang quy \u0111\u1ecbnh ph\u00e1p lu\u1eadt.<\/p>","protected":false},"excerpt":{"rendered":"<p>1. M\u1ee4C \u0110\u00cdCH C\u1ee6A TH\u00d4NG B\u00c1O N\u00c0Y Th\u00f4ng b\u00e1o n\u00e0y (\u201cTh\u00f4ng b\u00e1o v\u1ec1 Quy\u1ec1n ri\u00eang t\u01b0\u201d) tr\u00ecnh b\u00e0y c\u00e1ch FTRACK.VN, c\u00e1c c\u00f4ng ty li\u00ean k\u1ebft v\u00e0 \u0111\u1ea1i l\u00fd (g\u1ecdi chung l\u00e0 \u201cch\u00fang t\u00f4i\u201d) x\u1eed l\u00fd d\u1eef li\u1ec7u c\u00e1 nh\u00e2n c\u1ee7a b\u1ea1n li\u00ean quan \u0111\u1ebfn ho\u1ea1t \u0111\u1ed9ng kinh doanh c\u1ee7a ch\u00fang t\u00f4i, bao g\u1ed3m vi\u1ec7c cung [&hellip;]<\/p>","protected":false},"author":1,"featured_media":0,"parent":0,"menu_order":0,"comment_status":"closed","ping_status":"closed","template":"","meta":{"inline_featured_image":false,"footnotes":""},"class_list":["post-2493","page","type-page","status-publish","hentry"],"_links":{"self":[{"href":"https:\/\/blog.ftrack.vn\/en\/wp-json\/wp\/v2\/pages\/2493","targetHints":{"allow":["GET"]}}],"collection":[{"href":"https:\/\/blog.ftrack.vn\/en\/wp-json\/wp\/v2\/pages"}],"about":[{"href":"https:\/\/blog.ftrack.vn\/en\/wp-json\/wp\/v2\/types\/page"}],"author":[{"embeddable":true,"href":"https:\/\/blog.ftrack.vn\/en\/wp-json\/wp\/v2\/users\/1"}],"replies":[{"embeddable":true,"href":"https:\/\/blog.ftrack.vn\/en\/wp-json\/wp\/v2\/comments?post=2493"}],"version-history":[{"count":4,"href":"https:\/\/blog.ftrack.vn\/en\/wp-json\/wp\/v2\/pages\/2493\/revisions"}],"predecessor-version":[{"id":2542,"href":"https:\/\/blog.ftrack.vn\/en\/wp-json\/wp\/v2\/pages\/2493\/revisions\/2542"}],"wp:attachment":[{"href":"https:\/\/blog.ftrack.vn\/en\/wp-json\/wp\/v2\/media?parent=2493"}],"curies":[{"name":"wp","href":"https:\/\/api.w.org\/{rel}","templated":true}]}}