{"id":2509,"date":"2025-05-22T13:49:58","date_gmt":"2025-05-22T06:49:58","guid":{"rendered":"https:\/\/blog.ftrack.vn\/?page_id=2509"},"modified":"2025-05-22T13:51:58","modified_gmt":"2025-05-22T06:51:58","slug":"dieu-khoan-su-dung-website","status":"publish","type":"page","link":"https:\/\/blog.ftrack.vn\/en\/dieu-khoan-su-dung-website\/","title":{"rendered":"\u0110I\u1ec0U KHO\u1ea2N S\u1eec D\u1ee4NG WEBSITE"},"content":{"rendered":"<p><\/p>\n\n\n\n<p><strong>C\u1eadp nh\u1eadt l\u1ea7n cu\u1ed1i: Th\u00e1ng 10 n\u0103m 2022<\/strong><\/p>\n\n\n\n<p>C\u00e1c \u0110i\u1ec1u kho\u1ea3n s\u1eed d\u1ee5ng n\u00e0y (\u201c\u0110i\u1ec1u kho\u1ea3n\u201d) \u0111i\u1ec1u ch\u1ec9nh vi\u1ec7c b\u1ea1n truy c\u1eadp v\u00e0 s\u1eed d\u1ee5ng trang web n\u00e0y (\u201chttps:\/\/ftrack.vn\u201d). Trang web \u0111\u01b0\u1ee3c v\u1eadn h\u00e0nh b\u1edfi <strong>C\u00f4ng ty TNHH VNMARKETER.<\/strong> (\u201cch\u00fang t\u00f4i\u201d). <strong>C\u00f4ng ty TNHH VNMARKETER<\/strong> cung c\u1ea5p Trang web, bao g\u1ed3m t\u1ea5t c\u1ea3 th\u00f4ng tin, c\u00f4ng c\u1ee5 v\u00e0 d\u1ecbch v\u1ee5 tr\u00ean Trang web cho b\u1ea1n, v\u1edbi \u0111i\u1ec1u ki\u1ec7n b\u1ea1n ch\u1ea5p nh\u1eadn c\u00e1c \u0110i\u1ec1u kho\u1ea3n n\u00e0y.<\/p>\n\n\n\n<p><strong>VUI L\u00d2NG \u0110\u1eccC K\u1ef8 C\u00c1C \u0110I\u1ec0U KHO\u1ea2N N\u00c0Y.<\/strong> B\u1eb0NG C\u00c1CH TRUY C\u1eacP HO\u1eb6C S\u1eec D\u1ee4NG TRANG WEB, B\u1ea0N \u0110\u1ed2NG \u00dd B\u1eca R\u00c0NG BU\u1ed8C B\u1edeI C\u00c1C \u0110I\u1ec0U KHO\u1ea2N N\u00c0Y. N\u1ebeU B\u1ea0N KH\u00d4NG \u0110\u1ed2NG \u00dd, VUI L\u00d2NG KH\u00d4NG S\u1eec D\u1ee4NG TRANG WEB.<\/p>\n\n\n\n<hr class=\"wp-block-separator has-alpha-channel-opacity\"\/>\n\n\n\n<h2 class=\"wp-block-heading\"><strong>T\u00ednh n\u0103ng t\u1eeb b\u00ean th\u1ee9 ba &amp; \u0110i\u1ec1u kho\u1ea3n ri\u00eang<\/strong><\/h2>\n\n\n\n<p>M\u1ed9t s\u1ed1 n\u1ed9i dung, t\u00ednh n\u0103ng tr\u00ean Trang web c\u00f3 th\u1ec3 \u0111\u01b0\u1ee3c s\u1edf h\u1eefu ho\u1eb7c \u0111i\u1ec1u h\u00e0nh b\u1edfi c\u00e1c b\u00ean th\u1ee9 ba (g\u1ecdi chung l\u00e0 \u201cNh\u00e0 cung c\u1ea5p b\u00ean th\u1ee9 ba\u201d), bao g\u1ed3m Twitter, Facebook, LinkedIn (\u201cN\u1ed9i dung b\u00ean th\u1ee9 ba\u201d). <strong>C\u00f4ng ty TNHH VNMARKETER<\/strong> kh\u00f4ng b\u1eaft bu\u1ed9c ph\u1ea3i ki\u1ec3m so\u00e1t ho\u1eb7c r\u00e0 so\u00e1t c\u00e1c khu v\u1ef1c c\u00f3 ch\u1ee9a n\u1ed9i dung b\u00ean th\u1ee9 ba. Vi\u1ec7c s\u1eed d\u1ee5ng c\u00e1c n\u1ed9i dung n\u00e0y c\u00f3 th\u1ec3 ph\u1ea3i tu\u00e2n theo c\u00e1c \u0111i\u1ec1u kho\u1ea3n ri\u00eang c\u1ee7a b\u00ean th\u1ee9 ba. <strong>CH\u00daNG T\u00d4I KH\u00d4NG CH\u1ecaU TR\u00c1CH NHI\u1ec6M V\u1ec0 N\u1ed8I DUNG B\u00caN TH\u1ee8 BA HO\u1eb6C H\u00c0NH VI C\u1ee6A H\u1ecc. M\u1eccI KHI\u1ebeU N\u1ea0I LI\u00caN QUAN PH\u1ea2I G\u1eecI TR\u1ef0C TI\u1ebeP CHO H\u1ecc, KH\u00d4NG PH\u1ea2I CH\u00daNG T\u00d4I.<\/strong><\/p>\n\n\n\n<hr class=\"wp-block-separator has-alpha-channel-opacity\"\/>\n\n\n\n<h2 class=\"wp-block-heading\"><strong>S\u1eed d\u1ee5ng n\u1ed9i dung<\/strong><\/h2>\n\n\n\n<p>Trang web (bao g\u1ed3m v\u0103n b\u1ea3n, h\u00ecnh \u1ea3nh, video, m\u00e3 code, ph\u1ea7n m\u1ec1m, ch\u1ee9c n\u0103ng\u2026) l\u00e0 t\u00e0i s\u1ea3n c\u1ee7a <strong>C\u00f4ng ty TNHH VNMARKETER<\/strong>. Sau khi b\u1ea1n ch\u1ea5p nh\u1eadn c\u00e1c \u0111i\u1ec1u kho\u1ea3n n\u00e0y<\/p>\n\n\n\n<p>M\u1ecdi h\u00e0nh vi sao ch\u00e9p, ph\u00e1t t\u00e1n, ch\u1ec9nh s\u1eeda, t\u00e1i s\u1ea3n xu\u1ea5t, b\u00e1n l\u1ea1i n\u1ed9i dung m\u00e0 kh\u00f4ng c\u00f3 s\u1ef1 \u0111\u1ed3ng \u00fd b\u1eb1ng v\u0103n b\u1ea3n \u0111\u1ec1u b\u1ecb nghi\u00eam c\u1ea5m. Ch\u00fang t\u00f4i c\u00f3 quy\u1ec1n thu h\u1ed3i quy\u1ec1n s\u1eed d\u1ee5ng c\u1ee7a b\u1ea1n b\u1ea5t k\u1ef3 l\u00fac n\u00e0o. B\u1ea1n <strong>kh\u00f4ng \u0111\u01b0\u1ee3c:<\/strong><\/p>\n\n\n\n<ul class=\"wp-block-list\">\n<li>S\u1eed d\u1ee5ng ph\u1ea7n c\u1ee9ng\/ph\u1ea7n m\u1ec1m g\u00e2y gi\u00e1n \u0111o\u1ea1n h\u1ec7 th\u1ed1ng<\/li>\n\n\n\n<li>Thu th\u1eadp d\u1eef li\u1ec7u tr\u00e1i ph\u00e9p<\/li>\n\n\n\n<li>Can thi\u1ec7p v\u00e0o ho\u1ea1t \u0111\u1ed9ng c\u1ee7a Trang web<\/li>\n<\/ul>\n\n\n\n<hr class=\"wp-block-separator has-alpha-channel-opacity\"\/>\n\n\n\n<h2 class=\"wp-block-heading\"><strong>N\u1ed9i dung b\u1ea1n g\u1eedi<\/strong><\/h2>\n\n\n\n<p>B\u1ea1n <strong>ch\u1ecbu tr\u00e1ch nhi\u1ec7m v\u1ec1 m\u1ecdi n\u1ed9i dung b\u1ea1n g\u1eedi<\/strong>, bao g\u1ed3m \u0111\u1ed9 ch\u00ednh x\u00e1c, t\u00ednh h\u1ee3p ph\u00e1p v\u00e0 quy\u1ec1n s\u1edf h\u1eefu. Kh\u00f4ng \u0111\u01b0\u1ee3c g\u1eedi n\u1ed9i dung:<\/p>\n\n\n\n<ul class=\"wp-block-list\">\n<li>Sai s\u1ef1 th\u1eadt, l\u1eeba \u0111\u1ea3o, ph\u1ec9 b\u00e1ng, khi\u00eau d\u00e2m, vi ph\u1ea1m quy\u1ec1n ri\u00eang t\u01b0, ch\u1ee9a virus, spam<\/li>\n\n\n\n<li>K\u00edch \u0111\u1ed9ng h\u00e0nh vi ph\u1ea1m t\u1ed9i ho\u1eb7c vi ph\u1ea1m ph\u00e1p lu\u1eadt<\/li>\n\n\n\n<li>M\u1ea1o danh ho\u1eb7c s\u1eed d\u1ee5ng th\u00f4ng tin gi\u1ea3<\/li>\n<\/ul>\n\n\n\n<p><strong>Khi b\u1ea1n g\u1eedi n\u1ed9i dung, b\u1ea1n \u0111\u1ed3ng \u00fd c\u1ea5p cho FTRACK.VN quy\u1ec1n l\u01b0u tr\u1eef.<\/strong> B\u1ea1n c\u0169ng \u0111\u1ea3m b\u1ea3o r\u1eb1ng b\u1ea1n s\u1edf h\u1eefu ho\u1eb7c c\u00f3 quy\u1ec1n s\u1eed d\u1ee5ng n\u1ed9i dung \u0111\u00f3 v\u00e0 \u0111\u1ed3ng \u00fd <strong>b\u1ed3i th\u01b0\u1eddng thi\u1ec7t h\u1ea1i<\/strong> cho ch\u00fang t\u00f4i n\u1ebfu c\u00f3 tranh ch\u1ea5p ph\u00e1t sinh t\u1eeb n\u1ed9i dung b\u1ea1n cung c\u1ea5p.<\/p>\n\n\n\n<hr class=\"wp-block-separator has-alpha-channel-opacity\"\/>\n\n\n\n<h2 class=\"wp-block-heading\"><strong>H\u00e0nh vi b\u1ecb c\u1ea5m<\/strong><\/h2>\n\n\n\n<p>B\u1ea1n kh\u00f4ng \u0111\u01b0\u1ee3c:<\/p>\n\n\n\n<ul class=\"wp-block-list\">\n<li>S\u1eed d\u1ee5ng c\u00e1c c\u00f4ng c\u1ee5 t\u1ef1 \u0111\u1ed9ng (robot, spider\u2026) \u0111\u1ec3 tr\u00edch xu\u1ea5t ho\u1eb7c thu th\u1eadp d\u1eef li\u1ec7u<\/li>\n\n\n\n<li>X\u00e2m nh\u1eadp tr\u00e1i ph\u00e9p v\u00e0o h\u1ec7 th\u1ed1ng ho\u1eb7c m\u1ea1ng m\u00e1y ch\u1ee7 c\u1ee7a <strong>C\u00f4ng ty TNHH VNMARKETER<\/strong><\/li>\n<\/ul>\n\n\n\n<hr class=\"wp-block-separator has-alpha-channel-opacity\"\/>\n\n\n\n<h2 class=\"wp-block-heading\"><strong>Li\u00ean k\u1ebft<\/strong><\/h2>\n\n\n\n<p>Trang web c\u00f3 th\u1ec3 ch\u1ee9a li\u00ean k\u1ebft \u0111\u1ebfn c\u00e1c trang kh\u00e1c do <strong>FTRACK CPM INTERNATIONAL<\/strong> ho\u1eb7c b\u00ean th\u1ee9 ba v\u1eadn h\u00e0nh. Vi\u1ec7c c\u00f3 li\u00ean k\u1ebft <strong>kh\u00f4ng \u0111\u1ed3ng ngh\u0129a v\u1edbi vi\u1ec7c ch\u00fang t\u00f4i x\u00e1c nh\u1eadn n\u1ed9i dung tr\u00ean \u0111\u00f3<\/strong>. N\u1ebfu b\u1ea1n truy c\u1eadp, b\u1ea1n <strong>t\u1ef1 ch\u1ecbu r\u1ee7i ro<\/strong> v\u00e0 <strong>ph\u1ea3i tu\u00e2n theo \u0111i\u1ec1u kho\u1ea3n c\u1ee7a b\u00ean th\u1ee9 ba<\/strong>.<\/p>\n\n\n\n<hr class=\"wp-block-separator has-alpha-channel-opacity\"\/>\n\n\n\n<h2 class=\"wp-block-heading\"><strong>Th\u01b0\u01a1ng hi\u1ec7u v\u00e0 b\u1ea3n quy\u1ec1n<\/strong><\/h2>\n\n\n\n<p>T\u1ea5t c\u1ea3 nh\u00e3n hi\u1ec7u, logo, h\u00ecnh \u1ea3nh, n\u1ed9i dung tr\u00ean Trang web (g\u1ecdi chung l\u00e0 \u201cT\u00e0i s\u1ea3n tr\u00ed tu\u1ec7\u201d) thu\u1ed9c v\u1ec1 <strong>FTRACK CPM INTERNATIONAL<\/strong> ho\u1eb7c \u0111\u01b0\u1ee3c c\u1ea5p ph\u00e9p. Kh\u00f4ng c\u00f3 \u0111i\u1ec1u kho\u1ea3n n\u00e0o \u0111\u01b0\u1ee3c hi\u1ec3u l\u00e0 c\u1ea5p ph\u00e9p s\u1eed d\u1ee5ng m\u00e0 kh\u00f4ng c\u00f3 s\u1ef1 \u0111\u1ed3ng \u00fd b\u1eb1ng v\u0103n b\u1ea3n.<\/p>\n\n\n\n<hr class=\"wp-block-separator has-alpha-channel-opacity\"\/>\n\n\n\n<h2 class=\"wp-block-heading\"><strong>Tuy\u00ean b\u1ed1 t\u1eeb ch\u1ed1i tr\u00e1ch nhi\u1ec7m<\/strong><\/h2>\n\n\n\n<p>B\u1ea0N \u0110\u1ed2NG \u00dd R\u1eb0NG VI\u1ec6C S\u1eec D\u1ee4NG TRANG WEB, N\u1ed8I DUNG HO\u1eb6C D\u1ecaCH V\u1ee4 \u0110I K\u00c8M L\u00c0 <strong>T\u1ef0 CH\u1ecaU R\u1ee6I RO<\/strong>. CH\u00daNG T\u00d4I CUNG C\u1ea4P \u201cNGUY\u00caN TR\u1ea0NG\u201d V\u00c0 \u201cTHEO S\u1eb4N C\u00d3\u201d V\u00c0 <strong>KH\u00d4NG \u0110\u1ea2M B\u1ea2O<\/strong>:<\/p>\n\n\n\n<ul class=\"wp-block-list\">\n<li>M\u1ee9c \u0111\u1ed9 ph\u00f9 h\u1ee3p, ch\u00ednh x\u00e1c, kh\u00f4ng vi ph\u1ea1m quy\u1ec1n, kh\u00f4ng c\u00f3 virus<\/li>\n\n\n\n<li>Truy c\u1eadp kh\u00f4ng b\u1ecb gi\u00e1n \u0111o\u1ea1n, an to\u00e0n, kh\u00f4ng c\u00f3 l\u1ed7i<\/li>\n<\/ul>\n\n\n\n<p><strong>N\u1ebfu b\u1ea1n t\u1ea3i n\u1ed9i dung, b\u1ea1n ho\u00e0n to\u00e0n ch\u1ecbu tr\u00e1ch nhi\u1ec7m v\u1edbi thi\u1ebft b\u1ecb v\u00e0 d\u1eef li\u1ec7u c\u1ee7a m\u00ecnh.<\/strong><\/p>\n\n\n\n<hr class=\"wp-block-separator has-alpha-channel-opacity\"\/>\n\n\n\n<h2 class=\"wp-block-heading\"><strong>Gi\u1edbi h\u1ea1n tr\u00e1ch nhi\u1ec7m<\/strong><\/h2>\n\n\n\n<p><strong>TR\u1eea KHI PH\u00c1P LU\u1eacT C\u1ea4M, FTRACK CPM INTERNATIONAL KH\u00d4NG CH\u1ecaU TR\u00c1CH NHI\u1ec6M V\u1edaI B\u1ea4T K\u1ef2 THI\u1ec6T H\u1ea0I N\u00c0O<\/strong> (tr\u1ef1c ti\u1ebfp, gi\u00e1n ti\u1ebfp, m\u1ea5t d\u1eef li\u1ec7u, m\u1ea5t l\u1ee3i nhu\u1eadn,\u2026) ph\u00e1t sinh t\u1eeb vi\u1ec7c s\u1eed d\u1ee5ng Trang web.<\/p>\n\n\n\n<p>N\u1ebfu lu\u1eadt kh\u00f4ng cho ph\u00e9p t\u1eeb ch\u1ed1i tr\u00e1ch nhi\u1ec7m, m\u1ee9c b\u1ed3i th\u01b0\u1eddng t\u1ed1i \u0111a l\u00e0 <strong>\u00a3100.00<\/strong> (Gi\u1edbi h\u1ea1n tr\u00e1ch nhi\u1ec7m), \u00e1p d\u1ee5ng cho m\u1ecdi khi\u1ebfu n\u1ea1i. Gi\u1edbi h\u1ea1n n\u00e0y \u0111\u01b0\u1ee3c xem l\u00e0 <strong>h\u1ee3p l\u00fd v\u00e0 kh\u00f4ng ph\u1ea3i l\u00e0 h\u00ecnh ph\u1ea1t.<\/strong><\/p>\n\n\n\n<hr class=\"wp-block-separator has-alpha-channel-opacity\"\/>\n\n\n\n<h2 class=\"wp-block-heading\"><strong>Th\u1eddi h\u1ea1n khi\u1ebfu n\u1ea1i<\/strong><\/h2>\n\n\n\n<p>M\u1ecdi khi\u1ebfu n\u1ea1i ph\u00e1t sinh ph\u1ea3i \u0111\u01b0\u1ee3c th\u1ef1c hi\u1ec7n <strong>trong v\u00f2ng 1 n\u0103m<\/strong> k\u1ec3 t\u1eeb ng\u00e0y ph\u00e1t sinh. Sau th\u1eddi gian n\u00e0y s\u1ebd <strong>kh\u00f4ng \u0111\u01b0\u1ee3c gi\u1ea3i quy\u1ebft<\/strong>.<\/p>\n\n\n\n<hr class=\"wp-block-separator has-alpha-channel-opacity\"\/>\n\n\n\n<h2 class=\"wp-block-heading\"><strong>B\u1ed3i th\u01b0\u1eddng thi\u1ec7t h\u1ea1i<\/strong><\/h2>\n\n\n\n<p>B\u1ea1n \u0111\u1ed3ng \u00fd <strong>b\u1ed3i th\u01b0\u1eddng<\/strong> cho<strong>C\u00f4ng ty TNHH VNMARKETER<\/strong> v\u00e0 c\u00e1c b\u00ean li\u00ean quan n\u1ebfu c\u00f3 t\u1ed5n th\u1ea5t ph\u00e1t sinh t\u1eeb:<\/p>\n\n\n\n<ul class=\"wp-block-list\">\n<li>Vi ph\u1ea1m \u0110i\u1ec1u kho\u1ea3n<\/li>\n\n\n\n<li>Vi ph\u1ea1m \u0111i\u1ec1u kho\u1ea3n t\u1eeb b\u00ean th\u1ee9 ba<\/li>\n\n\n\n<li>H\u00e0nh vi gian l\u1eadn ho\u1eb7c vi ph\u1ea1m ph\u00e1p lu\u1eadt c\u1ee7a b\u1ea1n<\/li>\n<\/ul>\n\n\n\n<hr class=\"wp-block-separator has-alpha-channel-opacity\"\/>\n\n\n\n<h2 class=\"wp-block-heading\"><strong>Lu\u1eadt \u00e1p d\u1ee5ng v\u00e0 quy\u1ec1n t\u00e0i ph\u00e1n<\/strong><\/h2>\n\n\n\n<p>C\u00e1c \u0111i\u1ec1u kho\u1ea3n n\u00e0y \u0111\u01b0\u1ee3c \u0111i\u1ec1u ch\u1ec9nh b\u1edfi <strong>lu\u1eadt ph\u00e1p Vi\u1ec7t Nam<\/strong>. M\u1ecdi tranh ch\u1ea5p s\u1ebd do <strong><strong>lu\u1eadt ph\u00e1p Vi\u1ec7t Nam<\/strong><\/strong> x\u1eed l\u00fd<\/p>\n\n\n\n<h2 class=\"wp-block-heading\"><\/h2>\n\n\n\n<hr class=\"wp-block-separator has-alpha-channel-opacity\"\/>\n\n\n\n<h2 class=\"wp-block-heading\"><strong>Thay \u0111\u1ed5i \u0110i\u1ec1u kho\u1ea3n<\/strong><\/h2>\n\n\n\n<p>Ch\u00fang t\u00f4i c\u00f3 quy\u1ec1n thay \u0111\u1ed5i c\u00e1c \u0110i\u1ec1u kho\u1ea3n b\u1ea5t k\u1ef3 l\u00fac n\u00e0o. B\u1ea1n c\u00f3 tr\u00e1ch nhi\u1ec7m ki\u1ec3m tra m\u1ed7i l\u1ea7n s\u1eed d\u1ee5ng Trang web. Vi\u1ec7c ti\u1ebfp t\u1ee5c s\u1eed d\u1ee5ng \u0111\u1ed3ng ngh\u0129a v\u1edbi vi\u1ec7c b\u1ea1n <strong>\u0111\u1ed3ng \u00fd v\u1edbi c\u00e1c thay \u0111\u1ed5i<\/strong>.<\/p>\n\n\n\n<hr class=\"wp-block-separator has-alpha-channel-opacity\"\/>\n\n\n\n<h2 class=\"wp-block-heading\"><strong>To\u00e0n b\u1ed9 th\u1ecfa thu\u1eadn<\/strong><\/h2>\n\n\n\n<p>C\u00e1c \u0110i\u1ec1u kho\u1ea3n n\u00e0y v\u00e0 c\u00e1c ch\u00ednh s\u00e1ch li\u00ean quan tr\u00ean Trang web (tr\u1eeb \u0111i\u1ec1u kho\u1ea3n t\u1eeb b\u00ean th\u1ee9 ba) c\u1ea5u th\u00e0nh <strong>to\u00e0n b\u1ed9 th\u1ecfa thu\u1eadn gi\u1eefa b\u1ea1n v\u00e0 FTRACK.VN<\/strong>, thay th\u1ebf m\u1ecdi th\u1ecfa thu\u1eadn tr\u01b0\u1edbc \u0111\u00f3.<\/p>\n\n\n\n<hr class=\"wp-block-separator has-alpha-channel-opacity\"\/>\n\n\n\n<h2 class=\"wp-block-heading\"><strong>Mi\u1ec5n tr\u1eeb v\u00e0 hi\u1ec7u l\u1ef1c ri\u00eang bi\u1ec7t<\/strong><\/h2>\n\n\n\n<p>N\u1ebfu b\u1ea5t k\u1ef3 \u0111i\u1ec1u kho\u1ea3n n\u00e0o b\u1ecb xem l\u00e0 <strong>kh\u00f4ng h\u1ee3p l\u1ec7<\/strong>, c\u00e1c \u0111i\u1ec1u kho\u1ea3n c\u00f2n l\u1ea1i v\u1eabn gi\u1eef nguy\u00ean hi\u1ec7u l\u1ef1c. Vi\u1ec7c ch\u00fang t\u00f4i kh\u00f4ng th\u1ef1c hi\u1ec7n m\u1ed9t quy\u1ec1n n\u00e0o \u0111\u00f3 <strong>kh\u00f4ng \u0111\u01b0\u1ee3c xem l\u00e0 t\u1eeb b\u1ecf quy\u1ec1n \u0111\u00f3<\/strong>.<\/p>\n\n\n\n<hr class=\"wp-block-separator has-alpha-channel-opacity\"\/>\n\n\n\n<h2 class=\"wp-block-heading\"><strong>Bi\u1ec7n ph\u00e1p kh\u1eafc ph\u1ee5c<\/strong><\/h2>\n\n\n\n<p><strong>FTRACK.VN<\/strong> c\u00f3 quy\u1ec1n \u00e1p d\u1ee5ng m\u1ecdi bi\u1ec7n ph\u00e1p c\u1ea7n thi\u1ebft, bao g\u1ed3m l\u1ec7nh c\u1ea5m ho\u1eb7c ki\u1ec7n t\u1ee5ng, \u0111\u1ec3 th\u1ef1c thi c\u00e1c \u0110i\u1ec1u kho\u1ea3n n\u00e0y v\u00e0 c\u00e1c ch\u00ednh s\u00e1ch li\u00ean quan.<\/p>\n\n\n\n<hr class=\"wp-block-separator has-alpha-channel-opacity\"\/>\n\n\n\n<h2 class=\"wp-block-heading\"><strong>Li\u00ean h\u1ec7<\/strong><\/h2>\n\n\n\n<p>N\u1ebfu b\u1ea1n c\u00f3 c\u00e2u h\u1ecfi v\u1ec1 \u0110i\u1ec1u kho\u1ea3n s\u1eed d\u1ee5ng ho\u1eb7c Trang web, vui l\u00f2ng li\u00ean h\u1ec7 qua:<\/p>\n\n\n\n<ul class=\"wp-block-list\">\n<li><strong>Email:<\/strong> <a href=\"mailto:international@cpm-int.com\">info@ftrack.vn<\/a><\/li>\n\n\n\n<li>\u0110\u1ecba ch\u1ec9: T\u1ea7ng 12, t\u00f2a nh\u00e0  An Gia, 60 Nguy\u1ec5n \u0110\u00ecnh Chi\u1ec3u, ph\u01b0\u1eddng \u0110akao, Qu\u1eadn 1, TP. H\u1ed3 Ch\u00ed Minh, Vi\u1ec7t Nam<\/li>\n<\/ul>\n\n\n\n<p><strong>C\u1ea3m \u01a1n b\u1ea1n \u0111\u00e3 gh\u00e9 th\u0103m Trang web c\u1ee7a ch\u00fang t\u00f4i.<\/strong><\/p>\n\n\n\n<p><\/p>","protected":false},"excerpt":{"rendered":"<p>C\u1eadp nh\u1eadt l\u1ea7n cu\u1ed1i: Th\u00e1ng 10 n\u0103m 2022 C\u00e1c \u0110i\u1ec1u kho\u1ea3n s\u1eed d\u1ee5ng n\u00e0y (\u201c\u0110i\u1ec1u kho\u1ea3n\u201d) \u0111i\u1ec1u ch\u1ec9nh vi\u1ec7c b\u1ea1n truy c\u1eadp v\u00e0 s\u1eed d\u1ee5ng trang web n\u00e0y (\u201chttps:\/\/ftrack.vn\u201d). Trang web \u0111\u01b0\u1ee3c v\u1eadn h\u00e0nh b\u1edfi C\u00f4ng ty TNHH VNMARKETER. (\u201cch\u00fang t\u00f4i\u201d). C\u00f4ng ty TNHH VNMARKETER cung c\u1ea5p Trang web, bao g\u1ed3m t\u1ea5t c\u1ea3 th\u00f4ng tin, [&hellip;]<\/p>","protected":false},"author":1,"featured_media":0,"parent":0,"menu_order":0,"comment_status":"closed","ping_status":"closed","template":"","meta":{"inline_featured_image":false,"footnotes":""},"class_list":["post-2509","page","type-page","status-publish","hentry"],"_links":{"self":[{"href":"https:\/\/blog.ftrack.vn\/en\/wp-json\/wp\/v2\/pages\/2509","targetHints":{"allow":["GET"]}}],"collection":[{"href":"https:\/\/blog.ftrack.vn\/en\/wp-json\/wp\/v2\/pages"}],"about":[{"href":"https:\/\/blog.ftrack.vn\/en\/wp-json\/wp\/v2\/types\/page"}],"author":[{"embeddable":true,"href":"https:\/\/blog.ftrack.vn\/en\/wp-json\/wp\/v2\/users\/1"}],"replies":[{"embeddable":true,"href":"https:\/\/blog.ftrack.vn\/en\/wp-json\/wp\/v2\/comments?post=2509"}],"version-history":[{"count":5,"href":"https:\/\/blog.ftrack.vn\/en\/wp-json\/wp\/v2\/pages\/2509\/revisions"}],"predecessor-version":[{"id":2515,"href":"https:\/\/blog.ftrack.vn\/en\/wp-json\/wp\/v2\/pages\/2509\/revisions\/2515"}],"wp:attachment":[{"href":"https:\/\/blog.ftrack.vn\/en\/wp-json\/wp\/v2\/media?parent=2509"}],"curies":[{"name":"wp","href":"https:\/\/api.w.org\/{rel}","templated":true}]}}