{"id":572,"date":"2025-04-10T22:24:13","date_gmt":"2025-04-10T15:24:13","guid":{"rendered":"https:\/\/blog.ftrack.vn\/?page_id=572"},"modified":"2025-05-07T10:12:58","modified_gmt":"2025-05-07T03:12:58","slug":"lien-he","status":"publish","type":"page","link":"https:\/\/blog.ftrack.vn\/en\/lien-he\/","title":{"rendered":"Li\u00ean H\u1ec7"},"content":{"rendered":"<div data-elementor-type=\"wp-page\" data-elementor-id=\"572\" class=\"elementor elementor-572\" data-elementor-post-type=\"page\">\n\t\t\t\t<div class=\"elementor-element elementor-element-1ec9438 e-flex e-con-boxed e-con e-parent\" data-id=\"1ec9438\" data-element_type=\"container\">\n\t\t\t\t\t<div class=\"e-con-inner\">\n\t\t<div class=\"elementor-element elementor-element-04c1e49 e-con-full e-flex e-con e-child\" data-id=\"04c1e49\" data-element_type=\"container\">\n\t\t\t\t<div class=\"elementor-element elementor-element-009e502 elementor-widget elementor-widget-heading\" data-id=\"009e502\" data-element_type=\"widget\" data-widget_type=\"heading.default\">\n\t\t\t\t<div class=\"elementor-widget-container\">\n\t\t\t\t\t<h2 class=\"elementor-heading-title elementor-size-default\">Li\u00ean H\u1ec7<\/h2>\t\t\t\t<\/div>\n\t\t\t\t<\/div>\n\t\t\t\t<\/div>\n\t\t<div class=\"elementor-element elementor-element-063898e e-con-full e-flex e-con e-child\" data-id=\"063898e\" data-element_type=\"container\">\n\t\t\t\t<\/div>\n\t\t\t\t\t<\/div>\n\t\t\t\t<\/div>\n\t\t<div class=\"elementor-element elementor-element-4706913 e-flex e-con-boxed e-con e-parent\" data-id=\"4706913\" data-element_type=\"container\">\n\t\t\t\t\t<div class=\"e-con-inner\">\n\t\t<div class=\"elementor-element elementor-element-e2e3f1a e-con-full e-flex e-con e-child\" data-id=\"e2e3f1a\" data-element_type=\"container\" data-settings=\"{&quot;background_background&quot;:&quot;classic&quot;}\">\n\t\t\t\t<div class=\"elementor-element elementor-element-0d20509 elementor-widget elementor-widget-ucaddon_list\" data-id=\"0d20509\" data-element_type=\"widget\" data-widget_type=\"ucaddon_list.default\">\n\t\t\t\t<div class=\"elementor-widget-container\">\n\t\t\t\t\t\n<!-- start List -->\n\t\t<link id='font-awesome-css' href='https:\/\/blog.ftrack.vn\/wp-content\/plugins\/unlimited-elements-for-elementor-premium\/assets_libraries\/font-awesome6\/fontawesome-all.min.css' type='text\/css' rel='stylesheet' >\n\t\t<link id='font-awesome-4-shim-css' href='https:\/\/blog.ftrack.vn\/wp-content\/plugins\/unlimited-elements-for-elementor-premium\/assets_libraries\/font-awesome6\/fontawesome-v4-shims.min.css' type='text\/css' rel='stylesheet' >\n\n<style>\/* widget: List *\/\n\n\n\n#uc_list_elementor_0d20509{\n  display:grid;\n  position:relative;\n}\n\n#uc_list_elementor_0d20509 .ue-list-item{\n  display:flex;\n}\n\n#uc_list_elementor_0d20509 .ue-list-item-title{\n  display:flex;\n  align-items: center;\n} \n\n\n\n#uc_list_elementor_0d20509 .ue-list-item-image img{\n  max-width:100%;\n}\n\n#uc_list_elementor_0d20509 .ue-list-item-text *{\n  transition: inherit;\n}\n\n#uc_list_elementor_0d20509 .ue-list-item-index{\n  flex-grow:0;\n  flex-shrink:0;\n  display:flex;\n  align-items:center;\n  justify-content:center;\n  line-height:1em;\n}\n\n#uc_list_elementor_0d20509 .ue-list-item-index svg{\n  height:1em;\n  width:1em;\n}\n\n#uc_list_elementor_0d20509 .ue-list-item-content{\n  flex-grow:1;\n}\n\n.ue_badge{\n  font-size:13px;\n}\n\n<\/style>\n\n<div id=\"uc_list_elementor_0d20509\" class=\"ue-list uc-items-wrapper\"  >\n  <a class=\"ue-list-item elementor-repeater-item-001f8c0\" >\n  <div class=\"ue-list-item-index\">\n                              <i class='fas fa-map-marker-alt'><\/i>\n                    \n  <\/div>\n  <div class=\"ue-list-item-content\">\n    <h4 class=\"ue-list-item-title\">Address \n                  <\/h4>\n          <div class=\"ue-list-item-text\"><p>C\u00f4ng ty TNHH VNMARKETER<br \/>T\u1ea7ng 12, t\u00f2a nh\u00e0 The Address, 60 Nguy\u1ec5n \u0110\u00ecnh Chi\u1ec3u, ph\u01b0\u1eddng \u0110akao, Qu\u1eadn 1, TP. H\u1ed3 Ch\u00ed Minh, Vi\u1ec7t Nam<\/p><\/div>          <\/div>\n<\/a>\n<a class=\"ue-list-item elementor-repeater-item-f910cd8\" >\n  <div class=\"ue-list-item-index\">\n                              <i class='fas fa-phone-alt'><\/i>\n                    \n  <\/div>\n  <div class=\"ue-list-item-content\">\n    <h4 class=\"ue-list-item-title\">Call Us \n                  <\/h4>\n          <div class=\"ue-list-item-text\"><p>+84 909 978 621<\/p><\/div>          <\/div>\n<\/a>\n<a class=\"ue-list-item elementor-repeater-item-e869a82\" >\n  <div class=\"ue-list-item-index\">\n                              <i class='fas fa-envelope'><\/i>\n                    \n  <\/div>\n  <div class=\"ue-list-item-content\">\n    <h4 class=\"ue-list-item-title\">Email Us \n                  <\/h4>\n          <div class=\"ue-list-item-text\"><p>info@ftrack.vn<\/p><\/div>          <\/div>\n<\/a>\n\n<\/div>\n<!-- end List -->\t\t\t\t<\/div>\n\t\t\t\t<\/div>\n\t\t\t\t<\/div>\n\t\t<div class=\"elementor-element elementor-element-cf2ea2c e-con-full e-flex e-con e-child\" data-id=\"cf2ea2c\" data-element_type=\"container\">\n\t\t\t\t<div class=\"elementor-element elementor-element-eecc785 elementor-widget elementor-widget-heading\" data-id=\"eecc785\" data-element_type=\"widget\" data-widget_type=\"heading.default\">\n\t\t\t\t<div class=\"elementor-widget-container\">\n\t\t\t\t\t<h2 class=\"elementor-heading-title elementor-size-default\">\u0110\u0102NG K\u00dd NH\u1eacN B\u1ea2N DEMO<\/h2>\t\t\t\t<\/div>\n\t\t\t\t<\/div>\n\t\t\t\t<div class=\"elementor-element elementor-element-6758c62 elementor-button-align-start elementor-widget elementor-widget-form\" data-id=\"6758c62\" data-element_type=\"widget\" data-settings=\"{&quot;step_next_label&quot;:&quot;Next&quot;,&quot;step_previous_label&quot;:&quot;Previous&quot;,&quot;button_width&quot;:&quot;100&quot;,&quot;step_type&quot;:&quot;number_text&quot;,&quot;step_icon_shape&quot;:&quot;circle&quot;}\" data-widget_type=\"form.default\">\n\t\t\t\t<div class=\"elementor-widget-container\">\n\t\t\t\t\t\t\t<form class=\"elementor-form\" method=\"post\" name=\"Li\u00ean h\u1ec7\" aria-label=\"Li\u00ean h\u1ec7\" action=\"\">\n\t\t\t<input type=\"hidden\" name=\"post_id\" value=\"572\"\/>\n\t\t\t<input type=\"hidden\" name=\"form_id\" value=\"6758c62\"\/>\n\t\t\t<input type=\"hidden\" name=\"referer_title\" value=\"Li\u00ean H\u1ec7\" \/>\n\n\t\t\t\t\t\t\t<input type=\"hidden\" name=\"queried_id\" value=\"572\"\/>\n\t\t\t\n\t\t\t<div class=\"elementor-form-fields-wrapper elementor-labels-\">\n\t\t\t\t\t\t\t\t<div class=\"elementor-field-type-text elementor-field-group elementor-column elementor-field-group-name elementor-col-100\">\n\t\t\t\t\t\t\t\t\t\t\t\t<label for=\"form-field-name\" class=\"elementor-field-label elementor-screen-only\">\n\t\t\t\t\t\t\t\tName\t\t\t\t\t\t\t<\/label>\n\t\t\t\t\t\t\t\t\t\t\t\t\t\t<input size=\"1\" type=\"text\" name=\"form_fields[name]\" id=\"form-field-name\" class=\"elementor-field elementor-size-sm  elementor-field-textual\" placeholder=\"H\u1ecd &amp; T\u00ean\">\n\t\t\t\t\t\t\t\t\t\t\t<\/div>\n\t\t\t\t\t\t\t\t<div class=\"elementor-field-type-text elementor-field-group elementor-column elementor-field-group-field_0dde942 elementor-col-50\">\n\t\t\t\t\t\t\t\t\t\t\t\t<label for=\"form-field-field_0dde942\" class=\"elementor-field-label elementor-screen-only\">\n\t\t\t\t\t\t\t\tSDT\t\t\t\t\t\t\t<\/label>\n\t\t\t\t\t\t\t\t\t\t\t\t\t\t<input size=\"1\" type=\"text\" name=\"form_fields[field_0dde942]\" id=\"form-field-field_0dde942\" class=\"elementor-field elementor-size-sm  elementor-field-textual\" placeholder=\"S\u1ed1 \u0111i\u1ec7n tho\u1ea1i\">\n\t\t\t\t\t\t\t\t\t\t\t<\/div>\n\t\t\t\t\t\t\t\t<div class=\"elementor-field-type-email elementor-field-group elementor-column elementor-field-group-email elementor-col-50 elementor-field-required\">\n\t\t\t\t\t\t\t\t\t\t\t\t<label for=\"form-field-email\" class=\"elementor-field-label elementor-screen-only\">\n\t\t\t\t\t\t\t\tEmail\t\t\t\t\t\t\t<\/label>\n\t\t\t\t\t\t\t\t\t\t\t\t\t\t<input size=\"1\" type=\"email\" name=\"form_fields[email]\" id=\"form-field-email\" class=\"elementor-field elementor-size-sm  elementor-field-textual\" placeholder=\"Email\" required=\"required\">\n\t\t\t\t\t\t\t\t\t\t\t<\/div>\n\t\t\t\t\t\t\t\t<div class=\"elementor-field-type-textarea elementor-field-group elementor-column elementor-field-group-message elementor-col-100\">\n\t\t\t\t\t\t\t\t\t\t\t\t<label for=\"form-field-message\" class=\"elementor-field-label elementor-screen-only\">\n\t\t\t\t\t\t\t\tN\u1ed9i dung\t\t\t\t\t\t\t<\/label>\n\t\t\t\t\t\t<textarea class=\"elementor-field-textual elementor-field  elementor-size-sm\" name=\"form_fields[message]\" id=\"form-field-message\" rows=\"5\" placeholder=\"N\u1ed9i dung\"><\/textarea>\t\t\t\t<\/div>\n\t\t\t\t\t\t\t\t<div class=\"elementor-field-group elementor-column elementor-field-type-submit elementor-col-100 e-form__buttons\">\n\t\t\t\t\t<button class=\"elementor-button elementor-size-sm\" type=\"submit\">\n\t\t\t\t\t\t<span class=\"elementor-button-content-wrapper\">\n\t\t\t\t\t\t\t\t\t\t\t\t\t\t\t<span class=\"elementor-button-icon\">\n\t\t\t\t\t\t\t\t\t<svg aria-hidden=\"true\" class=\"e-font-icon-svg e-fas-arrow-right\" viewbox=\"0 0 448 512\" xmlns=\"http:\/\/www.w3.org\/2000\/svg\"><path d=\"M190.5 66.9l22.2-22.2c9.4-9.4 24.6-9.4 33.9 0L441 239c9.4 9.4 9.4 24.6 0 33.9L246.6 467.3c-9.4 9.4-24.6 9.4-33.9 0l-22.2-22.2c-9.5-9.5-9.3-25 .4-34.3L311.4 296H24c-13.3 0-24-10.7-24-24v-32c0-13.3 10.7-24 24-24h287.4L190.9 101.2c-9.8-9.3-10-24.8-.4-34.3z\"><\/path><\/svg>\t\t\t\t\t\t\t\t\t\t\t\t\t\t\t\t\t<\/span>\n\t\t\t\t\t\t\t\t\t\t\t\t\t\t\t\t\t\t\t\t\t\t<span class=\"elementor-button-text\">Sent Now <\/span>\n\t\t\t\t\t\t\t\t\t\t\t\t\t<\/span>\n\t\t\t\t\t<\/button>\n\t\t\t\t<\/div>\n\t\t\t<\/div>\n\t\t<input type=\"hidden\" name=\"trp-form-language\" value=\"en\"\/><\/form>\n\t\t\t\t\t\t<\/div>\n\t\t\t\t<\/div>\n\t\t\t\t<\/div>\n\t\t\t\t\t<\/div>\n\t\t\t\t<\/div>\n\t\t<div class=\"elementor-element elementor-element-97b79ca e-con-full e-flex e-con e-parent\" data-id=\"97b79ca\" data-element_type=\"container\">\n\t\t\t\t<div class=\"elementor-element elementor-element-7202955 elementor-widget elementor-widget-google_maps\" data-id=\"7202955\" data-element_type=\"widget\" data-widget_type=\"google_maps.default\">\n\t\t\t\t<div class=\"elementor-widget-container\">\n\t\t\t\t\t\t\t<div class=\"elementor-custom-embed\">\n\t\t\t<iframe loading=\"lazy\"\n\t\t\t\t\tsrc=\"https:\/\/maps.google.com\/maps?q=London%20Eye%2C%20London%2C%20United%20Kingdom&#038;t=m&#038;z=10&#038;output=embed&#038;iwloc=near\"\n\t\t\t\t\ttitle=\"London Eye, London, United Kingdom\"\n\t\t\t\t\taria-label=\"London Eye, London, United Kingdom\"\n\t\t\t><\/iframe>\n\t\t<\/div>\n\t\t\t\t\t\t<\/div>\n\t\t\t\t<\/div>\n\t\t\t\t<\/div>\n\t\t<div class=\"elementor-element elementor-element-3d114fa e-flex e-con-boxed e-con e-parent\" data-id=\"3d114fa\" data-element_type=\"container\" id=\"nhiwp\" data-settings=\"{&quot;background_background&quot;:&quot;classic&quot;}\">\n\t\t\t\t\t<div class=\"e-con-inner\">\n\t\t\t\t<div class=\"elementor-element elementor-element-8322f89 elementor-widget elementor-widget-heading\" data-id=\"8322f89\" data-element_type=\"widget\" data-widget_type=\"heading.default\">\n\t\t\t\t<div class=\"elementor-widget-container\">\n\t\t\t\t\t<h3 class=\"elementor-heading-title elementor-size-default\">T\u1ed1i \u01b0u v\u1eadn h\u00e0nh v\u1edbi F-Track ch\u1ec9 trong 3 b\u01b0\u1edbc<\/h3>\t\t\t\t<\/div>\n\t\t\t\t<\/div>\n\t\t<div class=\"elementor-element elementor-element-a800d71 e-con-full e-flex e-con e-child\" data-id=\"a800d71\" data-element_type=\"container\">\n\t\t<div class=\"elementor-element elementor-element-a4c7d55 e-con-full e-flex e-con e-child\" data-id=\"a4c7d55\" data-element_type=\"container\">\n\t\t\t\t<div class=\"elementor-element elementor-element-dc3d07a elementor-widget elementor-widget-image\" data-id=\"dc3d07a\" data-element_type=\"widget\" data-widget_type=\"image.default\">\n\t\t\t\t<div class=\"elementor-widget-container\">\n\t\t\t\t\t\t\t\t\t\t\t\t\t\t\t<img fetchpriority=\"high\" decoding=\"async\" width=\"800\" height=\"78\" src=\"https:\/\/blog.ftrack.vn\/wp-content\/uploads\/2025\/04\/wp-shap.png\" class=\"attachment-large size-large wp-image-591\" alt=\"\" srcset=\"https:\/\/blog.ftrack.vn\/wp-content\/uploads\/2025\/04\/wp-shap.png 943w, https:\/\/blog.ftrack.vn\/wp-content\/uploads\/2025\/04\/wp-shap-300x29.png 300w, https:\/\/blog.ftrack.vn\/wp-content\/uploads\/2025\/04\/wp-shap-768x75.png 768w\" sizes=\"(max-width: 800px) 100vw, 800px\" \/>\t\t\t\t\t\t\t\t\t\t\t\t\t\t\t<\/div>\n\t\t\t\t<\/div>\n\t\t\t\t<\/div>\n\t\t<div class=\"elementor-element elementor-element-4b68826 e-con-full e-flex e-con e-child\" data-id=\"4b68826\" data-element_type=\"container\">\n\t\t\t\t<div class=\"elementor-element elementor-element-ea0c6ef elementor-widget__width-inherit title-under-01 elementor-view-default elementor-position-top elementor-mobile-position-top elementor-widget elementor-widget-icon-box\" data-id=\"ea0c6ef\" data-element_type=\"widget\" data-widget_type=\"icon-box.default\">\n\t\t\t\t<div class=\"elementor-widget-container\">\n\t\t\t\t\t\t\t<div class=\"elementor-icon-box-wrapper\">\n\n\t\t\t\t\t\t<div class=\"elementor-icon-box-icon\">\n\t\t\t\t<span  class=\"elementor-icon\">\n\t\t\t\t<svg xmlns=\"http:\/\/www.w3.org\/2000\/svg\" width=\"48\" height=\"48\" viewbox=\"0 0 48 48\" fill=\"none\"><path d=\"M24 6.88889C24 4.18883 26.1888 2 28.8889 2C31.5889 2 33.7778 4.18883 33.7778 6.88889V9.33333C33.7778 10.6834 34.8722 11.7778 36.2222 11.7778H43.5556C44.9056 11.7778 46 12.8722 46 14.2222V21.5556C46 22.9056 44.9056 24 43.5556 24H41.1111C38.4111 24 36.2222 26.1888 36.2222 28.8889C36.2222 31.5889 38.4111 33.7778 41.1111 33.7778H43.5556C44.9056 33.7778 46 34.8722 46 36.2222V43.5556C46 44.9056 44.9056 46 43.5556 46H36.2222C34.8722 46 33.7778 44.9056 33.7778 43.5556V41.1111C33.7778 38.4111 31.5889 36.2222 28.8889 36.2222C26.1888 36.2222 24 38.4111 24 41.1111V43.5556C24 44.9056 22.9056 46 21.5556 46H14.2222C12.8722 46 11.7778 44.9056 11.7778 43.5556V36.2222C11.7778 34.8722 10.6834 33.7778 9.33333 33.7778H6.88889C4.18883 33.7778 2 31.5889 2 28.8889C2 26.1888 4.18883 24 6.88889 24H9.33333C10.6834 24 11.7778 22.9056 11.7778 21.5556V14.2222C11.7778 12.8722 12.8722 11.7778 14.2222 11.7778H21.5556C22.9056 11.7778 24 10.6834 24 9.33333V6.88889Z\" stroke=\"#111827\" stroke-width=\"2\" stroke-linecap=\"round\" stroke-linejoin=\"round\"><\/path><\/svg>\t\t\t\t<\/span>\n\t\t\t<\/div>\n\t\t\t\n\t\t\t\t\t\t<div class=\"elementor-icon-box-content\">\n\n\t\t\t\t\t\t\t\t\t<h3 class=\"elementor-icon-box-title\">\n\t\t\t\t\t\t<span  >\n\t\t\t\t\t\t\tKh\u00e1m ph\u00e1 nhu c\u1ea7u  \t\t\t\t\t\t<\/span>\n\t\t\t\t\t<\/h3>\n\t\t\t\t\n\t\t\t\t\t\t\t\t\t<p class=\"elementor-icon-box-description\">\n\t\t\t\t\t\tCh\u00fang t\u00f4i \u0111\u1ed3ng h\u00e0nh \u0111\u1ec3 hi\u1ec3u b\u00e0i to\u00e1n qu\u1ea3n l\u00fd &amp; m\u00f4 h\u00ecnh v\u1eadn h\u00e0nh ri\u00eang c\u1ee7a b\u1ea1n.\t\t\t\t\t<\/p>\n\t\t\t\t\n\t\t\t<\/div>\n\t\t\t\n\t\t<\/div>\n\t\t\t\t\t\t<\/div>\n\t\t\t\t<\/div>\n\t\t\t\t<div class=\"elementor-element elementor-element-c4b778c elementor-widget__width-inherit title-under-01 elementor-view-default elementor-position-top elementor-mobile-position-top elementor-widget elementor-widget-icon-box\" data-id=\"c4b778c\" data-element_type=\"widget\" data-widget_type=\"icon-box.default\">\n\t\t\t\t<div class=\"elementor-widget-container\">\n\t\t\t\t\t\t\t<div class=\"elementor-icon-box-wrapper\">\n\n\t\t\t\t\t\t<div class=\"elementor-icon-box-icon\">\n\t\t\t\t<span  class=\"elementor-icon\">\n\t\t\t\t<svg xmlns=\"http:\/\/www.w3.org\/2000\/svg\" width=\"48\" height=\"48\" viewbox=\"0 0 48 48\" fill=\"none\"><g clip-path=\"url(#clip0_2928_52593)\"><path d=\"M19.8898 5.15172C20.9359 0.842655 27.0642 0.842657 28.1103 5.15172C28.7861 7.93532 31.9752 9.25631 34.4214 7.76585C38.208 5.45859 42.5414 9.79194 40.2341 13.5786C38.7437 16.0248 40.0646 19.2139 42.8482 19.8897C47.1573 20.9358 47.1573 27.0641 42.8482 28.1102C40.0646 28.7859 38.7437 31.9751 40.2341 34.4212C42.5414 38.2079 38.208 42.5413 34.4214 40.234C31.9752 38.7435 28.7861 40.0645 28.1103 42.8481C27.0642 47.1572 20.9359 47.1572 19.8898 42.8481C19.214 40.0645 16.0249 38.7435 13.5787 40.234C9.79207 42.5413 5.45871 38.2079 7.76597 34.4212C9.25643 31.9751 7.93545 28.7859 5.15184 28.1102C0.842779 27.0641 0.842777 20.9358 5.15184 19.8897C7.93544 19.2139 9.25643 16.0248 7.76597 13.5786C5.45871 9.79194 9.79206 5.45858 13.5787 7.76584C16.0249 9.25631 19.214 7.93532 19.8898 5.15172Z\" stroke=\"#111827\" stroke-width=\"2\" stroke-linecap=\"round\" stroke-linejoin=\"round\"><\/path><path d=\"M31.36 23.9999C31.36 28.0647 28.0649 31.3599 24 31.3599C19.9352 31.3599 16.64 28.0647 16.64 23.9999C16.64 19.9351 19.9352 16.6399 24 16.6399C28.0649 16.6399 31.36 19.9351 31.36 23.9999Z\" stroke=\"#111827\" stroke-width=\"2\" stroke-linecap=\"round\" stroke-linejoin=\"round\"><\/path><\/g><defs><clippath id=\"clip0_2928_52593\"><rect width=\"48\" height=\"48\" fill=\"white\"><\/rect><\/clippath><\/defs><\/svg>\t\t\t\t<\/span>\n\t\t\t<\/div>\n\t\t\t\n\t\t\t\t\t\t<div class=\"elementor-icon-box-content\">\n\n\t\t\t\t\t\t\t\t\t<h3 class=\"elementor-icon-box-title\">\n\t\t\t\t\t\t<span  >\n\t\t\t\t\t\t\t K\u00edch ho\u1ea1t h\u1ec7 th\u1ed1ng\t\t\t\t\t\t<\/span>\n\t\t\t\t\t<\/h3>\n\t\t\t\t\n\t\t\t\t\t\t\t\t\t<p class=\"elementor-icon-box-description\">\n\t\t\t\t\t\tF-Track \u0111\u01b0\u1ee3c tri\u1ec3n khai nhanh ch\u00f3ng. Kh\u00f4ng g\u00e2y gi\u00e1n \u0111o\u1ea1n ho\u1ea1t \u0111\u1ed9ng \u2013 kh\u00f4ng c\u1ea7n h\u1ea1 t\u1ea7ng ph\u1ee9c t\u1ea1p.\t\t\t\t\t<\/p>\n\t\t\t\t\n\t\t\t<\/div>\n\t\t\t\n\t\t<\/div>\n\t\t\t\t\t\t<\/div>\n\t\t\t\t<\/div>\n\t\t\t\t<div class=\"elementor-element elementor-element-96b35d7 elementor-widget__width-inherit title-under-01 elementor-view-default elementor-position-top elementor-mobile-position-top elementor-widget elementor-widget-icon-box\" data-id=\"96b35d7\" data-element_type=\"widget\" data-widget_type=\"icon-box.default\">\n\t\t\t\t<div class=\"elementor-widget-container\">\n\t\t\t\t\t\t\t<div class=\"elementor-icon-box-wrapper\">\n\n\t\t\t\t\t\t<div class=\"elementor-icon-box-icon\">\n\t\t\t\t<span  class=\"elementor-icon\">\n\t\t\t\t<svg xmlns=\"http:\/\/www.w3.org\/2000\/svg\" width=\"48\" height=\"48\" viewbox=\"0 0 48 48\" fill=\"none\"><g id=\"Icon\/Outline\/chart-bar\" clip-path=\"url(#clip0_2928_52600)\"><path id=\"Icon\" d=\"M16.6399 41.1733V26.4533C16.6399 23.7434 14.4431 21.5466 11.7333 21.5466H6.82659C4.11671 21.5466 1.91992 23.7434 1.91992 26.4533V41.1733C1.91992 43.8831 4.11671 46.0799 6.82659 46.0799H11.7333C14.4431 46.0799 16.6399 43.8831 16.6399 41.1733ZM16.6399 41.1733V16.6399C16.6399 13.93 18.8367 11.7333 21.5466 11.7333H26.4533C29.1631 11.7333 31.3599 13.93 31.3599 16.6399V41.1733M16.6399 41.1733C16.6399 43.8831 18.8367 46.0799 21.5466 46.0799H26.4533C29.1631 46.0799 31.3599 43.8831 31.3599 41.1733M31.3599 41.1733V6.82659C31.3599 4.11671 33.5567 1.91992 36.2666 1.91992H41.1733C43.8831 1.91992 46.0799 4.11671 46.0799 6.82659V41.1733C46.0799 43.8831 43.8831 46.0799 41.1733 46.0799H36.2666C33.5567 46.0799 31.3599 43.8831 31.3599 41.1733Z\" stroke=\"#111827\" stroke-width=\"2\" stroke-linecap=\"round\" stroke-linejoin=\"round\"><\/path><\/g><defs><clippath id=\"clip0_2928_52600\"><rect width=\"48\" height=\"48\" fill=\"white\"><\/rect><\/clippath><\/defs><\/svg>\t\t\t\t<\/span>\n\t\t\t<\/div>\n\t\t\t\n\t\t\t\t\t\t<div class=\"elementor-icon-box-content\">\n\n\t\t\t\t\t\t\t\t\t<h3 class=\"elementor-icon-box-title\">\n\t\t\t\t\t\t<span  >\n\t\t\t\t\t\t\tTheo d\u00f5i \u2013 T\u1ed1i \u01b0u li\u00ean t\u1ee5c\t\t\t\t\t\t<\/span>\n\t\t\t\t\t<\/h3>\n\t\t\t\t\n\t\t\t\t\t\t\t\t\t<p class=\"elementor-icon-box-description\">\n\t\t\t\t\t\tT\u1eeb dashboard tr\u1ef1c quan \u0111\u1ebfn b\u00e1o c\u00e1o t\u1ef1 \u0111\u1ed9ng, b\u1ea1n d\u1ec5 d\u00e0ng gi\u00e1m s\u00e1t hi\u1ec7u su\u1ea5t v\u00e0 \u0111i\u1ec1u ch\u1ec9nh chi\u1ebfn l\u01b0\u1ee3c v\u1eadn h\u00e0nh ngay khi c\u1ea7n.\t\t\t\t\t<\/p>\n\t\t\t\t\n\t\t\t<\/div>\n\t\t\t\n\t\t<\/div>\n\t\t\t\t\t\t<\/div>\n\t\t\t\t<\/div>\n\t\t\t\t<\/div>\n\t\t\t\t<\/div>\n\t\t\t\t\t<\/div>\n\t\t\t\t<\/div>\n\t\t\t\t<\/div>","protected":false},"excerpt":{"rendered":"<p>Li\u00ean H\u1ec7 Address C\u00f4ng ty TNHH VNMARKETERT\u1ea7ng 12, t\u00f2a nh\u00e0 The Address, 60 Nguy\u1ec5n \u0110\u00ecnh Chi\u1ec3u, ph\u01b0\u1eddng \u0110akao, Qu\u1eadn 1, TP. H\u1ed3 Ch\u00ed Minh, Vi\u1ec7t Nam Call Us +84 909 978 621 Email Us info@ftrack.vn \u0110\u0102NG K\u00dd NH\u1eacN B\u1ea2N DEMO T\u1ed1i \u01b0u v\u1eadn h\u00e0nh v\u1edbi F-Track ch\u1ec9 trong 3 b\u01b0\u1edbc Kh\u00e1m ph\u00e1 nhu c\u1ea7u Ch\u00fang [&hellip;]<\/p>","protected":false},"author":1,"featured_media":0,"parent":0,"menu_order":0,"comment_status":"closed","ping_status":"closed","template":"elementor_header_footer","meta":{"inline_featured_image":false,"footnotes":""},"class_list":["post-572","page","type-page","status-publish","hentry"],"_links":{"self":[{"href":"https:\/\/blog.ftrack.vn\/en\/wp-json\/wp\/v2\/pages\/572","targetHints":{"allow":["GET"]}}],"collection":[{"href":"https:\/\/blog.ftrack.vn\/en\/wp-json\/wp\/v2\/pages"}],"about":[{"href":"https:\/\/blog.ftrack.vn\/en\/wp-json\/wp\/v2\/types\/page"}],"author":[{"embeddable":true,"href":"https:\/\/blog.ftrack.vn\/en\/wp-json\/wp\/v2\/users\/1"}],"replies":[{"embeddable":true,"href":"https:\/\/blog.ftrack.vn\/en\/wp-json\/wp\/v2\/comments?post=572"}],"version-history":[{"count":176,"href":"https:\/\/blog.ftrack.vn\/en\/wp-json\/wp\/v2\/pages\/572\/revisions"}],"predecessor-version":[{"id":1806,"href":"https:\/\/blog.ftrack.vn\/en\/wp-json\/wp\/v2\/pages\/572\/revisions\/1806"}],"wp:attachment":[{"href":"https:\/\/blog.ftrack.vn\/en\/wp-json\/wp\/v2\/media?parent=572"}],"curies":[{"name":"wp","href":"https:\/\/api.w.org\/{rel}","templated":true}]}}